{"id":387,"date":"2020-11-03T22:48:44","date_gmt":"2020-11-03T22:48:44","guid":{"rendered":"https:\/\/vivirfrentealmar.com\/?page_id=387"},"modified":"2026-01-28T13:43:15","modified_gmt":"2026-01-28T13:43:15","slug":"contactenos","status":"publish","type":"page","link":"https:\/\/vivirfrentealmar.com\/en\/contactenos\/","title":{"rendered":"Cont\u00e1ctenos"},"content":{"rendered":"\t\t<div data-elementor-type=\"wp-page\" data-elementor-id=\"387\" class=\"elementor elementor-387\" data-elementor-post-type=\"page\">\n\t\t\t\t\t\t<section class=\"elementor-section elementor-top-section elementor-element elementor-element-7575164 elementor-section-height-min-height elementor-section-boxed elementor-section-height-default elementor-section-items-middle wpr-particle-no wpr-jarallax-no wpr-parallax-no wpr-sticky-section-no\" data-id=\"7575164\" data-element_type=\"section\" data-e-type=\"section\" data-settings=\"{&quot;background_background&quot;:&quot;classic&quot;}\">\n\t\t\t\t\t\t\t<div class=\"elementor-background-overlay\"><\/div>\n\t\t\t\t\t\t\t<div class=\"elementor-container elementor-column-gap-default\">\n\t\t\t\t\t<div class=\"elementor-column elementor-col-100 elementor-top-column elementor-element elementor-element-10e3f3b\" data-id=\"10e3f3b\" data-element_type=\"column\" data-e-type=\"column\">\n\t\t\t<div class=\"elementor-widget-wrap elementor-element-populated\">\n\t\t\t\t\t\t<div class=\"elementor-element elementor-element-d976bf1 elementor-widget elementor-widget-spacer\" data-id=\"d976bf1\" data-element_type=\"widget\" data-e-type=\"widget\" data-widget_type=\"spacer.default\">\n\t\t\t\t<div class=\"elementor-widget-container\">\n\t\t\t\t\t\t\t<div class=\"elementor-spacer\">\n\t\t\t<div class=\"elementor-spacer-inner\"><\/div>\n\t\t<\/div>\n\t\t\t\t\t\t<\/div>\n\t\t\t\t<\/div>\n\t\t\t\t<div class=\"elementor-element elementor-element-f04b933 elementor-nav-menu__align-center elementor-nav-menu--dropdown-none elementor-widget elementor-widget-nav-menu\" data-id=\"f04b933\" data-element_type=\"widget\" data-e-type=\"widget\" data-settings=\"{&quot;layout&quot;:&quot;horizontal&quot;,&quot;submenu_icon&quot;:{&quot;value&quot;:&quot;&lt;i class=\\&quot;fas fa-caret-down\\&quot; aria-hidden=\\&quot;true\\&quot;&gt;&lt;\\\/i&gt;&quot;,&quot;library&quot;:&quot;fa-solid&quot;}}\" data-widget_type=\"nav-menu.default\">\n\t\t\t\t<div class=\"elementor-widget-container\">\n\t\t\t\t\t\t\t\t<nav aria-label=\"Men\u00fa\" class=\"elementor-nav-menu--main elementor-nav-menu__container elementor-nav-menu--layout-horizontal e--pointer-none\">\n\t\t\t\t<ul id=\"menu-1-f04b933\" class=\"elementor-nav-menu\"><li class=\"menu-item menu-item-type-post_type menu-item-object-page menu-item-2410\"><a href=\"https:\/\/vivirfrentealmar.com\/en\/inicio-old\/\" class=\"elementor-item\">Inicio<\/a><\/li>\n<li class=\"menu-item menu-item-type-post_type menu-item-object-page menu-item-2412\"><a href=\"https:\/\/vivirfrentealmar.com\/en\/nosotros\/\" class=\"elementor-item\">Nosotros<\/a><\/li>\n<li class=\"menu-item menu-item-type-post_type menu-item-object-page menu-item-2411\"><a href=\"https:\/\/vivirfrentealmar.com\/en\/contactenos\/\" class=\"elementor-item\">Cont\u00e1ctenos<\/a><\/li>\n<li class=\"menu-item menu-item-type-post_type menu-item-object-page menu-item-4531\"><a href=\"https:\/\/vivirfrentealmar.com\/en\/blog\/\" class=\"elementor-item\">Blog<\/a><\/li>\n<\/ul>\t\t\t<\/nav>\n\t\t\t\t\t\t<nav class=\"elementor-nav-menu--dropdown elementor-nav-menu__container\" aria-hidden=\"true\">\n\t\t\t\t<ul id=\"menu-2-f04b933\" class=\"elementor-nav-menu\"><li class=\"menu-item menu-item-type-post_type menu-item-object-page menu-item-2410\"><a href=\"https:\/\/vivirfrentealmar.com\/en\/inicio-old\/\" class=\"elementor-item\" tabindex=\"-1\">Inicio<\/a><\/li>\n<li class=\"menu-item menu-item-type-post_type menu-item-object-page menu-item-2412\"><a href=\"https:\/\/vivirfrentealmar.com\/en\/nosotros\/\" class=\"elementor-item\" tabindex=\"-1\">Nosotros<\/a><\/li>\n<li class=\"menu-item menu-item-type-post_type menu-item-object-page menu-item-2411\"><a href=\"https:\/\/vivirfrentealmar.com\/en\/contactenos\/\" class=\"elementor-item\" tabindex=\"-1\">Cont\u00e1ctenos<\/a><\/li>\n<li class=\"menu-item menu-item-type-post_type menu-item-object-page menu-item-4531\"><a href=\"https:\/\/vivirfrentealmar.com\/en\/blog\/\" class=\"elementor-item\" tabindex=\"-1\">Blog<\/a><\/li>\n<\/ul>\t\t\t<\/nav>\n\t\t\t\t\t\t<\/div>\n\t\t\t\t<\/div>\n\t\t\t\t<section class=\"elementor-section elementor-inner-section elementor-element elementor-element-cd27566 elementor-section-boxed elementor-section-height-default elementor-section-height-default wpr-particle-no wpr-jarallax-no wpr-parallax-no wpr-sticky-section-no\" data-id=\"cd27566\" data-element_type=\"section\" data-e-type=\"section\">\n\t\t\t\t\t\t<div class=\"elementor-container elementor-column-gap-default\">\n\t\t\t\t\t<div class=\"elementor-column elementor-col-50 elementor-inner-column elementor-element elementor-element-1cad63b\" data-id=\"1cad63b\" data-element_type=\"column\" data-e-type=\"column\">\n\t\t\t<div class=\"elementor-widget-wrap elementor-element-populated\">\n\t\t\t\t\t\t<div class=\"elementor-element elementor-element-1f99f25 elementor-widget elementor-widget-spacer\" data-id=\"1f99f25\" data-element_type=\"widget\" data-e-type=\"widget\" data-widget_type=\"spacer.default\">\n\t\t\t\t<div class=\"elementor-widget-container\">\n\t\t\t\t\t\t\t<div class=\"elementor-spacer\">\n\t\t\t<div class=\"elementor-spacer-inner\"><\/div>\n\t\t<\/div>\n\t\t\t\t\t\t<\/div>\n\t\t\t\t<\/div>\n\t\t\t\t<div class=\"elementor-element elementor-element-0ca022f elementor-widget elementor-widget-text-editor\" data-id=\"0ca022f\" data-element_type=\"widget\" data-e-type=\"widget\" data-widget_type=\"text-editor.default\">\n\t\t\t\t<div class=\"elementor-widget-container\">\n\t\t\t\t\t\t\t\t\t<p><strong>Cont\u00e1ctenos:<\/strong><br \/>Tel: 302-2222<\/p><p>Cel: 6622-5812<br \/>E-mail: <a href=\"mailto:info@vivirfrentealmar.com\">info@vivirfrentealmar.com<\/a><\/p><p><strong>Direcci\u00f3n<\/strong><br \/>Torre 2000, Planta Baja, Oceania Business Plaza<\/p><p>Punta Paitilla, Ciudad de Panam\u00e1.<\/p>\t\t\t\t\t\t\t\t<\/div>\n\t\t\t\t<\/div>\n\t\t\t\t<div class=\"elementor-element elementor-element-709e059 elementor-widget elementor-widget-google_maps\" data-id=\"709e059\" data-element_type=\"widget\" data-e-type=\"widget\" data-widget_type=\"google_maps.default\">\n\t\t\t\t<div class=\"elementor-widget-container\">\n\t\t\t\t\t\t\t<div class=\"elementor-custom-embed\">\n\t\t\t<iframe loading=\"lazy\"\n\t\t\t\t\tsrc=\"https:\/\/maps.google.com\/maps?q=oceania%20business%20plaza&#038;t=m&#038;z=15&#038;output=embed&#038;iwloc=near\"\n\t\t\t\t\ttitle=\"oceania business plaza\"\n\t\t\t\t\taria-label=\"oceania business plaza\"\n\t\t\t><\/iframe>\n\t\t<\/div>\n\t\t\t\t\t\t<\/div>\n\t\t\t\t<\/div>\n\t\t\t\t\t<\/div>\n\t\t<\/div>\n\t\t\t\t<div class=\"elementor-column elementor-col-50 elementor-inner-column elementor-element elementor-element-c14a802\" data-id=\"c14a802\" data-element_type=\"column\" data-e-type=\"column\" data-settings=\"{&quot;background_background&quot;:&quot;classic&quot;}\">\n\t\t\t<div class=\"elementor-widget-wrap elementor-element-populated\">\n\t\t\t\t\t\t<div class=\"elementor-element elementor-element-837ac0c elementor-widget elementor-widget-spacer\" data-id=\"837ac0c\" data-element_type=\"widget\" data-e-type=\"widget\" data-widget_type=\"spacer.default\">\n\t\t\t\t<div class=\"elementor-widget-container\">\n\t\t\t\t\t\t\t<div class=\"elementor-spacer\">\n\t\t\t<div class=\"elementor-spacer-inner\"><\/div>\n\t\t<\/div>\n\t\t\t\t\t\t<\/div>\n\t\t\t\t<\/div>\n\t\t\t\t<div class=\"elementor-element elementor-element-c1f26fc elementor-widget elementor-widget-image\" data-id=\"c1f26fc\" data-element_type=\"widget\" data-e-type=\"widget\" data-widget_type=\"image.default\">\n\t\t\t\t<div class=\"elementor-widget-container\">\n\t\t\t\t\t\t\t\t\t\t\t\t\t\t\t<img fetchpriority=\"high\" decoding=\"async\" width=\"800\" height=\"622\" src=\"https:\/\/vivirfrentealmar.com\/wp-content\/uploads\/2020\/11\/LOGO-2-VIVIR-FRENTE-AL-MAR-01-1024x796.png\" class=\"attachment-large size-large wp-image-653\" alt=\"\" srcset=\"https:\/\/vivirfrentealmar.com\/wp-content\/uploads\/2020\/11\/LOGO-2-VIVIR-FRENTE-AL-MAR-01-1024x796.png 1024w, https:\/\/vivirfrentealmar.com\/wp-content\/uploads\/2020\/11\/LOGO-2-VIVIR-FRENTE-AL-MAR-01-300x233.png 300w, https:\/\/vivirfrentealmar.com\/wp-content\/uploads\/2020\/11\/LOGO-2-VIVIR-FRENTE-AL-MAR-01-768x597.png 768w, https:\/\/vivirfrentealmar.com\/wp-content\/uploads\/2020\/11\/LOGO-2-VIVIR-FRENTE-AL-MAR-01-1536x1194.png 1536w, https:\/\/vivirfrentealmar.com\/wp-content\/uploads\/2020\/11\/LOGO-2-VIVIR-FRENTE-AL-MAR-01-2048x1591.png 2048w\" sizes=\"(max-width: 800px) 100vw, 800px\" \/>\t\t\t\t\t\t\t\t\t\t\t\t\t\t\t<\/div>\n\t\t\t\t<\/div>\n\t\t\t\t<div class=\"elementor-element elementor-element-179cedc elementor-widget elementor-widget-spacer\" data-id=\"179cedc\" data-element_type=\"widget\" data-e-type=\"widget\" data-widget_type=\"spacer.default\">\n\t\t\t\t<div class=\"elementor-widget-container\">\n\t\t\t\t\t\t\t<div class=\"elementor-spacer\">\n\t\t\t<div class=\"elementor-spacer-inner\"><\/div>\n\t\t<\/div>\n\t\t\t\t\t\t<\/div>\n\t\t\t\t<\/div>\n\t\t\t\t<div class=\"elementor-element elementor-element-d3fc65a elementor-button-align-center elementor-widget elementor-widget-form\" data-id=\"d3fc65a\" data-element_type=\"widget\" data-e-type=\"widget\" data-settings=\"{&quot;step_next_label&quot;:&quot;Next&quot;,&quot;step_previous_label&quot;:&quot;Previous&quot;,&quot;button_width&quot;:&quot;100&quot;,&quot;step_type&quot;:&quot;number_text&quot;,&quot;step_icon_shape&quot;:&quot;circle&quot;}\" data-widget_type=\"form.default\">\n\t\t\t\t<div class=\"elementor-widget-container\">\n\t\t\t\t\t\t\t<form class=\"elementor-form\" method=\"post\" name=\"New Form\" aria-label=\"New Form\">\n\t\t\t<input type=\"hidden\" name=\"post_id\" value=\"387\"\/>\n\t\t\t<input type=\"hidden\" name=\"form_id\" value=\"d3fc65a\"\/>\n\t\t\t<input type=\"hidden\" name=\"referer_title\" value=\"Cont\u00e1ctenos - Vivir Frente al Mar\" \/>\n\n\t\t\t\t\t\t\t<input type=\"hidden\" name=\"queried_id\" value=\"387\"\/>\n\t\t\t\n\t\t\t<div class=\"elementor-form-fields-wrapper elementor-labels-above\">\n\t\t\t\t\t\t\t\t<div class=\"elementor-field-type-text elementor-field-group elementor-column elementor-field-group-name elementor-col-100 elementor-field-required\">\n\t\t\t\t\t\t\t\t\t\t\t\t\t<input size=\"1\" type=\"text\" name=\"form_fields[name]\" id=\"form-field-name\" class=\"elementor-field elementor-size-sm  elementor-field-textual\" placeholder=\"Nombre y Apellido\" required=\"required\">\n\t\t\t\t\t\t\t\t\t\t\t<\/div>\n\t\t\t\t\t\t\t\t<div class=\"elementor-field-type-email elementor-field-group elementor-column elementor-field-group-email elementor-col-100 elementor-field-required\">\n\t\t\t\t\t\t\t\t\t\t\t\t\t<input size=\"1\" type=\"email\" name=\"form_fields[email]\" id=\"form-field-email\" class=\"elementor-field elementor-size-sm  elementor-field-textual\" placeholder=\"Email\" required=\"required\">\n\t\t\t\t\t\t\t\t\t\t\t<\/div>\n\t\t\t\t\t\t\t\t<div class=\"elementor-field-type-tel elementor-field-group elementor-column elementor-field-group-field_e41f592 elementor-col-100\">\n\t\t\t\t\t\t\t<input size=\"1\" type=\"tel\" name=\"form_fields[field_e41f592]\" id=\"form-field-field_e41f592\" class=\"elementor-field elementor-size-sm  elementor-field-textual\" placeholder=\"Tel\u00e9fono\" pattern=\"[0-9()#&amp;+*-=.]+\" title=\"Solo se aceptan n\u00fameros y caracteres de tel\u00e9fono (#,-,*,etc).\">\n\n\t\t\t\t\t\t<\/div>\n\t\t\t\t\t\t\t\t<div class=\"elementor-field-type-select elementor-field-group elementor-column elementor-field-group-field_0e051c8 elementor-col-100 elementor-field-required\">\n\t\t\t\t\t\t\t<div class=\"elementor-field elementor-select-wrapper remove-before \">\n\t\t\t<div class=\"select-caret-down-wrapper\">\n\t\t\t\t<i aria-hidden=\"true\" class=\"eicon-caret-down\"><\/i>\t\t\t<\/div>\n\t\t\t<select name=\"form_fields[field_0e051c8]\" id=\"form-field-field_0e051c8\" class=\"elementor-field-textual elementor-size-sm\" required=\"required\">\n\t\t\t\t\t\t\t\t\t<option value=\"Ocean Pearl\">Ocean Pearl<\/option>\n\t\t\t\t\t\t\t\t\t<option value=\"Sevilla\">Sevilla<\/option>\n\t\t\t\t\t\t\t\t\t<option value=\"Oasis on the Bay\">Oasis on the Bay<\/option>\n\t\t\t\t\t\t\t\t\t<option value=\"Waters on the Bay\">Waters on the Bay<\/option>\n\t\t\t\t\t\t\t\t\t<option value=\"White Tower\">White Tower<\/option>\n\t\t\t\t\t\t\t\t\t<option value=\"TerraWind\">TerraWind<\/option>\n\t\t\t\t\t\t\t\t\t<option value=\"Terrazas Del Mar\">Terrazas Del Mar<\/option>\n\t\t\t\t\t\t\t\t\t<option value=\"Terrasol\">Terrasol<\/option>\n\t\t\t\t\t\t\t\t\t<option value=\"Dynasty\">Dynasty<\/option>\n\t\t\t\t\t\t\t\t\t<option value=\"Green View\">Green View<\/option>\n\t\t\t\t\t\t\t\t\t<option value=\"Signature Point\">Signature Point<\/option>\n\t\t\t\t\t\t\t\t\t<option value=\"Lumiere\">Lumiere<\/option>\n\t\t\t\t\t\t\t\t\t<option value=\"Oceania Business Plaza\">Oceania Business Plaza<\/option>\n\t\t\t\t\t\t\t\t\t<option value=\"Sortis Business Tower\">Sortis Business Tower<\/option>\n\t\t\t\t\t\t\t<\/select>\n\t\t<\/div>\n\t\t\t\t\t\t<\/div>\n\t\t\t\t\t\t\t\t<div class=\"elementor-field-type-textarea elementor-field-group elementor-column elementor-field-group-message elementor-col-100\">\n\t\t\t\t\t<textarea class=\"elementor-field-textual elementor-field  elementor-size-sm\" name=\"form_fields[message]\" id=\"form-field-message\" rows=\"4\" placeholder=\"Mensaje\"><\/textarea>\t\t\t\t<\/div>\n\t\t\t\t\t\t\t\t<div class=\"elementor-field-type-text\">\n\t\t\t\t\t<input size=\"1\" type=\"text\" name=\"form_fields[field_f4769df]\" id=\"form-field-field_f4769df\" class=\"elementor-field elementor-size-sm \" style=\"display:none !important;\">\t\t\t\t<\/div>\n\t\t\t\t\t\t\t\t<div class=\"elementor-field-type-recaptcha_v3 elementor-field-group elementor-column elementor-field-group-field_24880af elementor-col-100 recaptcha_v3-bottomright\">\n\t\t\t\t\t<div class=\"elementor-field\" id=\"form-field-field_24880af\"><div class=\"elementor-g-recaptcha\" data-sitekey=\"6LdXKKgeAAAAAMz2DURSyqHlWFluu_AKuutgx_L8\" data-type=\"v3\" data-action=\"Form\" data-badge=\"bottomright\" data-size=\"invisible\"><\/div><\/div>\t\t\t\t<\/div>\n\t\t\t\t\t\t\t\t<div class=\"elementor-field-group elementor-column elementor-field-type-submit elementor-col-100 e-form__buttons\">\n\t\t\t\t\t<button class=\"elementor-button elementor-size-md\" type=\"submit\">\n\t\t\t\t\t\t<span class=\"elementor-button-content-wrapper\">\n\t\t\t\t\t\t\t\t\t\t\t\t\t\t\t\t\t\t\t\t\t\t<span class=\"elementor-button-text\">ENVIAR DATOS<\/span>\n\t\t\t\t\t\t\t\t\t\t\t\t\t<\/span>\n\t\t\t\t\t<\/button>\n\t\t\t\t<\/div>\n\t\t\t<\/div>\n\t\t<\/form>\n\t\t\t\t\t\t<\/div>\n\t\t\t\t<\/div>\n\t\t\t\t<div class=\"elementor-element elementor-element-faa53aa elementor-widget elementor-widget-spacer\" data-id=\"faa53aa\" data-element_type=\"widget\" data-e-type=\"widget\" data-widget_type=\"spacer.default\">\n\t\t\t\t<div class=\"elementor-widget-container\">\n\t\t\t\t\t\t\t<div class=\"elementor-spacer\">\n\t\t\t<div class=\"elementor-spacer-inner\"><\/div>\n\t\t<\/div>\n\t\t\t\t\t\t<\/div>\n\t\t\t\t<\/div>\n\t\t\t\t\t<\/div>\n\t\t<\/div>\n\t\t\t\t\t<\/div>\n\t\t<\/section>\n\t\t\t\t\t<\/div>\n\t\t<\/div>\n\t\t\t\t\t<\/div>\n\t\t<\/section>\n\t\t\t\t<\/div>\n\t\t","protected":false},"excerpt":{"rendered":"<p>Cont\u00e1ctenos:Tel: 302-2222 Cel: 6622-5812E-mail: info@vivirfrentealmar.com Direcci\u00f3nTorre 2000, Planta Baja, Oceania Business Plaza Punta Paitilla, Ciudad de Panam\u00e1.<\/p>","protected":false},"author":1,"featured_media":0,"parent":0,"menu_order":0,"comment_status":"closed","ping_status":"closed","template":"","meta":{"footnotes":""},"class_list":["post-387","page","type-page","status-publish","hentry"],"yoast_head":"<!-- This site is optimized with the Yoast SEO plugin v27.0 - https:\/\/yoast.com\/product\/yoast-seo-wordpress\/ -->\n<title>Cont\u00e1ctenos - Vivir Frente al Mar<\/title>\n<meta name=\"robots\" content=\"index, follow, max-snippet:-1, max-image-preview:large, max-video-preview:-1\" \/>\n<link rel=\"canonical\" href=\"https:\/\/vivirfrentealmar.com\/en\/contactenos\/\" \/>\n<meta property=\"og:locale\" content=\"en_US\" \/>\n<meta property=\"og:type\" content=\"article\" \/>\n<meta property=\"og:title\" content=\"Cont\u00e1ctenos - Vivir Frente al Mar\" \/>\n<meta property=\"og:description\" content=\"Cont\u00e1ctenos:Tel: 302-2222 Cel: 6622-5812E-mail: info@vivirfrentealmar.com Direcci\u00f3nTorre 2000, Planta Baja, Oceania Business Plaza Punta Paitilla, Ciudad de Panam\u00e1.\" \/>\n<meta property=\"og:url\" content=\"https:\/\/vivirfrentealmar.com\/en\/contactenos\/\" \/>\n<meta property=\"og:site_name\" content=\"Vivir Frente al Mar\" \/>\n<meta property=\"article:publisher\" content=\"https:\/\/www.facebook.com\/VivirFrenteAlMarPanama\/\" \/>\n<meta property=\"article:modified_time\" content=\"2026-01-28T13:43:15+00:00\" \/>\n<meta property=\"og:image\" content=\"https:\/\/vivirfrentealmar.com\/wp-content\/uploads\/2020\/11\/LOGO-2-VIVIR-FRENTE-AL-MAR-01.png\" \/>\n\t<meta property=\"og:image:width\" content=\"4974\" \/>\n\t<meta property=\"og:image:height\" content=\"3865\" \/>\n\t<meta property=\"og:image:type\" content=\"image\/png\" \/>\n<meta name=\"twitter:card\" content=\"summary_large_image\" \/>\n<meta name=\"twitter:label1\" content=\"Est. reading time\" \/>\n\t<meta name=\"twitter:data1\" content=\"1 minute\" \/>\n<script type=\"application\/ld+json\" class=\"yoast-schema-graph\">{\"@context\":\"https:\/\/schema.org\",\"@graph\":[{\"@type\":\"WebPage\",\"@id\":\"https:\/\/vivirfrentealmar.com\/contactenos\/\",\"url\":\"https:\/\/vivirfrentealmar.com\/contactenos\/\",\"name\":\"Cont\u00e1ctenos - Vivir Frente al Mar\",\"isPartOf\":{\"@id\":\"https:\/\/vivirfrentealmar.com\/#website\"},\"primaryImageOfPage\":{\"@id\":\"https:\/\/vivirfrentealmar.com\/contactenos\/#primaryimage\"},\"image\":{\"@id\":\"https:\/\/vivirfrentealmar.com\/contactenos\/#primaryimage\"},\"thumbnailUrl\":\"https:\/\/vivirfrentealmar.com\/wp-content\/uploads\/2020\/11\/LOGO-2-VIVIR-FRENTE-AL-MAR-01-1024x796.png\",\"datePublished\":\"2020-11-03T22:48:44+00:00\",\"dateModified\":\"2026-01-28T13:43:15+00:00\",\"breadcrumb\":{\"@id\":\"https:\/\/vivirfrentealmar.com\/contactenos\/#breadcrumb\"},\"inLanguage\":\"en-US\",\"potentialAction\":[{\"@type\":\"ReadAction\",\"target\":[\"https:\/\/vivirfrentealmar.com\/contactenos\/\"]}]},{\"@type\":\"ImageObject\",\"inLanguage\":\"en-US\",\"@id\":\"https:\/\/vivirfrentealmar.com\/contactenos\/#primaryimage\",\"url\":\"https:\/\/vivirfrentealmar.com\/wp-content\/uploads\/2020\/11\/LOGO-2-VIVIR-FRENTE-AL-MAR-01-1024x796.png\",\"contentUrl\":\"https:\/\/vivirfrentealmar.com\/wp-content\/uploads\/2020\/11\/LOGO-2-VIVIR-FRENTE-AL-MAR-01-1024x796.png\"},{\"@type\":\"BreadcrumbList\",\"@id\":\"https:\/\/vivirfrentealmar.com\/contactenos\/#breadcrumb\",\"itemListElement\":[{\"@type\":\"ListItem\",\"position\":1,\"name\":\"Portada\",\"item\":\"https:\/\/vivirfrentealmar.com\/\"},{\"@type\":\"ListItem\",\"position\":2,\"name\":\"Cont\u00e1ctenos\"}]},{\"@type\":\"WebSite\",\"@id\":\"https:\/\/vivirfrentealmar.com\/#website\",\"url\":\"https:\/\/vivirfrentealmar.com\/\",\"name\":\"Vivir Frente al Mar\",\"description\":\"Proyectos Inmobiliarios\",\"publisher\":{\"@id\":\"https:\/\/vivirfrentealmar.com\/#organization\"},\"potentialAction\":[{\"@type\":\"SearchAction\",\"target\":{\"@type\":\"EntryPoint\",\"urlTemplate\":\"https:\/\/vivirfrentealmar.com\/?s={search_term_string}\"},\"query-input\":{\"@type\":\"PropertyValueSpecification\",\"valueRequired\":true,\"valueName\":\"search_term_string\"}}],\"inLanguage\":\"en-US\"},{\"@type\":\"Organization\",\"@id\":\"https:\/\/vivirfrentealmar.com\/#organization\",\"name\":\"Vivir Frente al Mar\",\"url\":\"https:\/\/vivirfrentealmar.com\/\",\"logo\":{\"@type\":\"ImageObject\",\"inLanguage\":\"en-US\",\"@id\":\"https:\/\/vivirfrentealmar.com\/#\/schema\/logo\/image\/\",\"url\":\"https:\/\/vivirfrentealmar.com\/wp-content\/uploads\/2020\/11\/LOGO-2-VIVIR-FRENTE-AL-MAR-01.png\",\"contentUrl\":\"https:\/\/vivirfrentealmar.com\/wp-content\/uploads\/2020\/11\/LOGO-2-VIVIR-FRENTE-AL-MAR-01.png\",\"width\":4974,\"height\":3865,\"caption\":\"Vivir Frente al Mar\"},\"image\":{\"@id\":\"https:\/\/vivirfrentealmar.com\/#\/schema\/logo\/image\/\"},\"sameAs\":[\"https:\/\/www.facebook.com\/VivirFrenteAlMarPanama\/\"]}]}<\/script>\n<!-- \/ Yoast SEO plugin. -->","yoast_head_json":{"title":"Cont\u00e1ctenos - Vivir Frente al Mar","robots":{"index":"index","follow":"follow","max-snippet":"max-snippet:-1","max-image-preview":"max-image-preview:large","max-video-preview":"max-video-preview:-1"},"canonical":"https:\/\/vivirfrentealmar.com\/en\/contactenos\/","og_locale":"en_US","og_type":"article","og_title":"Cont\u00e1ctenos - Vivir Frente al Mar","og_description":"Cont\u00e1ctenos:Tel: 302-2222 Cel: 6622-5812E-mail: info@vivirfrentealmar.com Direcci\u00f3nTorre 2000, Planta Baja, Oceania Business Plaza Punta Paitilla, Ciudad de Panam\u00e1.","og_url":"https:\/\/vivirfrentealmar.com\/en\/contactenos\/","og_site_name":"Vivir Frente al Mar","article_publisher":"https:\/\/www.facebook.com\/VivirFrenteAlMarPanama\/","article_modified_time":"2026-01-28T13:43:15+00:00","og_image":[{"width":4974,"height":3865,"url":"https:\/\/vivirfrentealmar.com\/wp-content\/uploads\/2020\/11\/LOGO-2-VIVIR-FRENTE-AL-MAR-01.png","type":"image\/png"}],"twitter_card":"summary_large_image","twitter_misc":{"Est. reading time":"1 minute"},"schema":{"@context":"https:\/\/schema.org","@graph":[{"@type":"WebPage","@id":"https:\/\/vivirfrentealmar.com\/contactenos\/","url":"https:\/\/vivirfrentealmar.com\/contactenos\/","name":"Cont\u00e1ctenos - Vivir Frente al Mar","isPartOf":{"@id":"https:\/\/vivirfrentealmar.com\/#website"},"primaryImageOfPage":{"@id":"https:\/\/vivirfrentealmar.com\/contactenos\/#primaryimage"},"image":{"@id":"https:\/\/vivirfrentealmar.com\/contactenos\/#primaryimage"},"thumbnailUrl":"https:\/\/vivirfrentealmar.com\/wp-content\/uploads\/2020\/11\/LOGO-2-VIVIR-FRENTE-AL-MAR-01-1024x796.png","datePublished":"2020-11-03T22:48:44+00:00","dateModified":"2026-01-28T13:43:15+00:00","breadcrumb":{"@id":"https:\/\/vivirfrentealmar.com\/contactenos\/#breadcrumb"},"inLanguage":"en-US","potentialAction":[{"@type":"ReadAction","target":["https:\/\/vivirfrentealmar.com\/contactenos\/"]}]},{"@type":"ImageObject","inLanguage":"en-US","@id":"https:\/\/vivirfrentealmar.com\/contactenos\/#primaryimage","url":"https:\/\/vivirfrentealmar.com\/wp-content\/uploads\/2020\/11\/LOGO-2-VIVIR-FRENTE-AL-MAR-01-1024x796.png","contentUrl":"https:\/\/vivirfrentealmar.com\/wp-content\/uploads\/2020\/11\/LOGO-2-VIVIR-FRENTE-AL-MAR-01-1024x796.png"},{"@type":"BreadcrumbList","@id":"https:\/\/vivirfrentealmar.com\/contactenos\/#breadcrumb","itemListElement":[{"@type":"ListItem","position":1,"name":"Portada","item":"https:\/\/vivirfrentealmar.com\/"},{"@type":"ListItem","position":2,"name":"Cont\u00e1ctenos"}]},{"@type":"WebSite","@id":"https:\/\/vivirfrentealmar.com\/#website","url":"https:\/\/vivirfrentealmar.com\/","name":"Vivir Frente al Mar","description":"Proyectos Inmobiliarios","publisher":{"@id":"https:\/\/vivirfrentealmar.com\/#organization"},"potentialAction":[{"@type":"SearchAction","target":{"@type":"EntryPoint","urlTemplate":"https:\/\/vivirfrentealmar.com\/?s={search_term_string}"},"query-input":{"@type":"PropertyValueSpecification","valueRequired":true,"valueName":"search_term_string"}}],"inLanguage":"en-US"},{"@type":"Organization","@id":"https:\/\/vivirfrentealmar.com\/#organization","name":"Vivir Frente al Mar","url":"https:\/\/vivirfrentealmar.com\/","logo":{"@type":"ImageObject","inLanguage":"en-US","@id":"https:\/\/vivirfrentealmar.com\/#\/schema\/logo\/image\/","url":"https:\/\/vivirfrentealmar.com\/wp-content\/uploads\/2020\/11\/LOGO-2-VIVIR-FRENTE-AL-MAR-01.png","contentUrl":"https:\/\/vivirfrentealmar.com\/wp-content\/uploads\/2020\/11\/LOGO-2-VIVIR-FRENTE-AL-MAR-01.png","width":4974,"height":3865,"caption":"Vivir Frente al Mar"},"image":{"@id":"https:\/\/vivirfrentealmar.com\/#\/schema\/logo\/image\/"},"sameAs":["https:\/\/www.facebook.com\/VivirFrenteAlMarPanama\/"]}]}},"_links":{"self":[{"href":"https:\/\/vivirfrentealmar.com\/en\/wp-json\/wp\/v2\/pages\/387","targetHints":{"allow":["GET"]}}],"collection":[{"href":"https:\/\/vivirfrentealmar.com\/en\/wp-json\/wp\/v2\/pages"}],"about":[{"href":"https:\/\/vivirfrentealmar.com\/en\/wp-json\/wp\/v2\/types\/page"}],"author":[{"embeddable":true,"href":"https:\/\/vivirfrentealmar.com\/en\/wp-json\/wp\/v2\/users\/1"}],"replies":[{"embeddable":true,"href":"https:\/\/vivirfrentealmar.com\/en\/wp-json\/wp\/v2\/comments?post=387"}],"version-history":[{"count":149,"href":"https:\/\/vivirfrentealmar.com\/en\/wp-json\/wp\/v2\/pages\/387\/revisions"}],"predecessor-version":[{"id":5663,"href":"https:\/\/vivirfrentealmar.com\/en\/wp-json\/wp\/v2\/pages\/387\/revisions\/5663"}],"wp:attachment":[{"href":"https:\/\/vivirfrentealmar.com\/en\/wp-json\/wp\/v2\/media?parent=387"}],"curies":[{"name":"wp","href":"https:\/\/api.w.org\/{rel}","templated":true}]}}